{"id":339,"date":"2018-07-19T23:15:14","date_gmt":"2018-07-19T20:15:14","guid":{"rendered":"http:\/\/localhost\/villa\/?page_id=339"},"modified":"2018-08-03T10:51:31","modified_gmt":"2018-08-03T07:51:31","slug":"caretta-caretta-protection","status":"publish","type":"page","link":"https:\/\/arcadiavilla-apart.com\/en\/caretta-caretta-protection\/","title":{"rendered":"Caretta Caretta Protection"},"content":{"rendered":"<div class=\"fusion-fullwidth fullwidth-box nonhundred-percent-fullwidth non-hundred-percent-height-scrolling\"  style='background-color: rgba(255,255,255,0);background-position: center center;background-repeat: no-repeat;padding-top:0px;padding-right:0px;padding-bottom:0px;padding-left:0px;'><div class=\"fusion-builder-row fusion-row \"><div  class=\"fusion-layout-column fusion_builder_column fusion_builder_column_1_1  fusion-one-full fusion-column-first fusion-column-last 1_1\"  style='margin-top:0px;margin-bottom:20px;'>\n\t\t\t\t\t<div class=\"fusion-column-wrapper\" style=\"padding: 0px 0px 0px 0px;background-position:left top;background-repeat:no-repeat;-webkit-background-size:cover;-moz-background-size:cover;-o-background-size:cover;background-size:cover;\"  data-bg-url=\"\">\n\t\t\t\t\t\t<div class=\"fusion-text\"><h2 style=\"text-align: center;\" data-fontsize=\"36\" data-lineheight=\"50\"><strong>Reproductive Activity in \u00c7\u0131ral\u0131 and Protection<\/strong><\/h2>\n<p><span style=\"color: #000000;\">\u00a0<\/span>The width of the \u00c7\u0131ral\u0131 Beach, which is 3.2 km long, varies between 50-100 m. The \u00c7\u0131ral\u0131 Beach, rising from the coast with a soft incline, is bordered by Olympos in the south and rocky Karaburun in the north.<\/p>\n<p>The beach is also an important breeding ground for the sea punt in the Mediterranean. Wildlife Protection Society of Turkey since 1994 in this region carries out monitoring and conservation efforts for sea turtles.<\/p>\n<p>All the outings determined on \u00c7\u0131ral\u0131 Beach during these studies belong to Caretta Caretta. Field work is carried out by recording the data by checking the beach twice a night and morning, twice a day. Night observations are made between 23: 00-03: 00 and morning observations between 05: 30-09: 00.<\/p>\n<p>Observations made at night show that adult female individuals and nest records are taken, and in the morning observations are recorded of the outbreak and nesting control.<\/p>\n<p>Coastal Management and Tourism locals ongoing Project as a system for visitors and awareness-raising and information activities in Turkey have yielded positive results.<\/p>\n<p>Especially during the breeding season, in order to prevent the entrance of the beach vehicles, parking lots were created in Ulup\u0131nar Muhtarl\u0131\u011f\u0131 and certain roads were taken in this area.<\/p>\n<p>Challenges at the beginning of the work were gradually overcome and a certain success was achieved. Informative and stimulating signboards were placed on the whole shore, informative documents and posters were regularly posted on all pensions and businesses before the start of the season.<\/p>\n<p>The loungers and parasols were arranged and the lights were curtained by talking with the owners and operators of the restaurants on the beach. During the night observations, the people who used the light who made the noise on the beach and causing the sea turtles to become turbulent were informed about the work and their disturbing behaviors were prevented.<\/p>\n<p>In \u00c7\u0131ral\u0131 Elementary School, environmental education courses given regularly to village children were given information about sea cucumbers and children were given volunteers to participate in their fieldwork.<\/p>\n<p>Population determination and conservation studies carried out on \u00c7\u0131ral\u0131 Beach have been carried out since 1998 in cooperation with the British Trust for Conservation Volunteers (BTCV).<\/p>\n<p>These studies will continue in the coming years in the framework of a monitoring program. \u00c7\u0131ral\u0131, with its natural values \u200b\u200bit protects, has the feature of being an alternative for the breeding grounds of other sea turtles in the Antalya region, which are destroyed by the increasing tourism investments.<\/p>\n<p>You can observe the caretta caretters under the protection of the \u00c7\u0131ral\u0131 coast from late April to July during the night and in the near future. After the incubation period of 60 days of incubation period, the offspring are out of egg.<\/p>\n<\/div><div class=\"fusion-gallery fusion-gallery-container fusion-grid-5 fusion-columns-total-8 fusion-gallery-layout-grid\" style=\"margin:-5px;\"><div style=\"padding:5px;\" class=\"fusion-grid-column fusion-gallery-column fusion-gallery-column-5 hover-type-zoomin\"><div class=\"fusion-gallery-image\"><a href=\"https:\/\/arcadiavilla-apart.com\/wp-content\/uploads\/2018\/07\/caretta-caretta-6.jpg\" class=\"fusion-lightbox\" data-rel=\"iLightbox[19c696e0bef141193a2]\"><img loading=\"lazy\" decoding=\"async\" width=\"320\" height=\"202\" src=\"https:\/\/arcadiavilla-apart.com\/wp-content\/uploads\/2018\/07\/caretta-caretta-6-320x202.jpg\" alt=\"\" title=\"\" aria-label=\"\" class=\"img-responsive wp-image-298\" srcset=\"https:\/\/arcadiavilla-apart.com\/wp-content\/uploads\/2018\/07\/caretta-caretta-6-320x202.jpg 320w, https:\/\/arcadiavilla-apart.com\/wp-content\/uploads\/2018\/07\/caretta-caretta-6-700x441.jpg 700w\" sizes=\"auto, (max-width: 320px) 100vw, 320px\" \/><\/a><\/div><\/div><div style=\"padding:5px;\" class=\"fusion-grid-column fusion-gallery-column fusion-gallery-column-5 hover-type-zoomin\"><div class=\"fusion-gallery-image\"><a href=\"https:\/\/arcadiavilla-apart.com\/wp-content\/uploads\/2018\/07\/caretta-caretta-5.jpg\" class=\"fusion-lightbox\" data-rel=\"iLightbox[19c696e0bef141193a2]\"><img loading=\"lazy\" decoding=\"async\" width=\"320\" height=\"202\" src=\"https:\/\/arcadiavilla-apart.com\/wp-content\/uploads\/2018\/07\/caretta-caretta-5-320x202.jpg\" alt=\"\" title=\"\" aria-label=\"\" class=\"img-responsive wp-image-296\" srcset=\"https:\/\/arcadiavilla-apart.com\/wp-content\/uploads\/2018\/07\/caretta-caretta-5-320x202.jpg 320w, https:\/\/arcadiavilla-apart.com\/wp-content\/uploads\/2018\/07\/caretta-caretta-5-700x441.jpg 700w\" sizes=\"auto, (max-width: 320px) 100vw, 320px\" \/><\/a><\/div><\/div><div style=\"padding:5px;\" class=\"fusion-grid-column fusion-gallery-column fusion-gallery-column-5 hover-type-zoomin\"><div class=\"fusion-gallery-image\"><a href=\"https:\/\/arcadiavilla-apart.com\/wp-content\/uploads\/2018\/07\/caretta-caretta-4.jpg\" class=\"fusion-lightbox\" data-rel=\"iLightbox[19c696e0bef141193a2]\"><img loading=\"lazy\" decoding=\"async\" width=\"320\" height=\"202\" src=\"https:\/\/arcadiavilla-apart.com\/wp-content\/uploads\/2018\/07\/caretta-caretta-4-320x202.jpg\" alt=\"\" title=\"\" aria-label=\"\" class=\"img-responsive wp-image-294\" srcset=\"https:\/\/arcadiavilla-apart.com\/wp-content\/uploads\/2018\/07\/caretta-caretta-4-320x202.jpg 320w, https:\/\/arcadiavilla-apart.com\/wp-content\/uploads\/2018\/07\/caretta-caretta-4-700x441.jpg 700w\" sizes=\"auto, (max-width: 320px) 100vw, 320px\" \/><\/a><\/div><\/div><div style=\"padding:5px;\" class=\"fusion-grid-column fusion-gallery-column fusion-gallery-column-5 hover-type-zoomin\"><div class=\"fusion-gallery-image\"><a href=\"https:\/\/arcadiavilla-apart.com\/wp-content\/uploads\/2018\/07\/caretta-caretta-9.jpg\" class=\"fusion-lightbox\" data-rel=\"iLightbox[19c696e0bef141193a2]\"><img loading=\"lazy\" decoding=\"async\" width=\"320\" height=\"202\" src=\"https:\/\/arcadiavilla-apart.com\/wp-content\/uploads\/2018\/07\/caretta-caretta-9-320x202.jpg\" alt=\"\" title=\"\" aria-label=\"\" class=\"img-responsive wp-image-304\" srcset=\"https:\/\/arcadiavilla-apart.com\/wp-content\/uploads\/2018\/07\/caretta-caretta-9-320x202.jpg 320w, https:\/\/arcadiavilla-apart.com\/wp-content\/uploads\/2018\/07\/caretta-caretta-9-700x441.jpg 700w\" sizes=\"auto, (max-width: 320px) 100vw, 320px\" \/><\/a><\/div><\/div><div style=\"padding:5px;\" class=\"fusion-grid-column fusion-gallery-column fusion-gallery-column-5 hover-type-zoomin\"><div class=\"fusion-gallery-image\"><a href=\"https:\/\/arcadiavilla-apart.com\/wp-content\/uploads\/2018\/07\/caretta-caretta-8.jpg\" class=\"fusion-lightbox\" data-rel=\"iLightbox[19c696e0bef141193a2]\"><img loading=\"lazy\" decoding=\"async\" width=\"320\" height=\"202\" src=\"https:\/\/arcadiavilla-apart.com\/wp-content\/uploads\/2018\/07\/caretta-caretta-8-320x202.jpg\" alt=\"\" title=\"\" aria-label=\"\" class=\"img-responsive wp-image-302\" srcset=\"https:\/\/arcadiavilla-apart.com\/wp-content\/uploads\/2018\/07\/caretta-caretta-8-320x202.jpg 320w, https:\/\/arcadiavilla-apart.com\/wp-content\/uploads\/2018\/07\/caretta-caretta-8-700x441.jpg 700w\" sizes=\"auto, (max-width: 320px) 100vw, 320px\" \/><\/a><\/div><\/div><div class=\"clearfix\"><\/div><div style=\"padding:5px;\" class=\"fusion-grid-column fusion-gallery-column fusion-gallery-column-5 hover-type-zoomin\"><div class=\"fusion-gallery-image\"><a href=\"https:\/\/arcadiavilla-apart.com\/wp-content\/uploads\/2018\/07\/caretta-caretta-7.jpg\" class=\"fusion-lightbox\" data-rel=\"iLightbox[19c696e0bef141193a2]\"><img loading=\"lazy\" decoding=\"async\" width=\"320\" height=\"202\" src=\"https:\/\/arcadiavilla-apart.com\/wp-content\/uploads\/2018\/07\/caretta-caretta-7-320x202.jpg\" alt=\"\" title=\"\" aria-label=\"\" class=\"img-responsive wp-image-300\" srcset=\"https:\/\/arcadiavilla-apart.com\/wp-content\/uploads\/2018\/07\/caretta-caretta-7-320x202.jpg 320w, https:\/\/arcadiavilla-apart.com\/wp-content\/uploads\/2018\/07\/caretta-caretta-7-700x441.jpg 700w\" sizes=\"auto, (max-width: 320px) 100vw, 320px\" \/><\/a><\/div><\/div><div style=\"padding:5px;\" class=\"fusion-grid-column fusion-gallery-column fusion-gallery-column-5 hover-type-zoomin\"><div class=\"fusion-gallery-image\"><a href=\"https:\/\/arcadiavilla-apart.com\/wp-content\/uploads\/2018\/07\/caretta-caretta-1.jpg\" class=\"fusion-lightbox\" data-rel=\"iLightbox[19c696e0bef141193a2]\"><img loading=\"lazy\" decoding=\"async\" width=\"320\" height=\"202\" src=\"https:\/\/arcadiavilla-apart.com\/wp-content\/uploads\/2018\/07\/caretta-caretta-1-320x202.jpg\" alt=\"\" title=\"\" aria-label=\"\" class=\"img-responsive wp-image-288\" srcset=\"https:\/\/arcadiavilla-apart.com\/wp-content\/uploads\/2018\/07\/caretta-caretta-1-320x202.jpg 320w, https:\/\/arcadiavilla-apart.com\/wp-content\/uploads\/2018\/07\/caretta-caretta-1-700x441.jpg 700w\" sizes=\"auto, (max-width: 320px) 100vw, 320px\" \/><\/a><\/div><\/div><div style=\"padding:5px;\" class=\"fusion-grid-column fusion-gallery-column fusion-gallery-column-5 hover-type-zoomin\"><div class=\"fusion-gallery-image\"><a href=\"https:\/\/arcadiavilla-apart.com\/wp-content\/uploads\/2018\/07\/caretta-caretta-3.jpg\" class=\"fusion-lightbox\" data-rel=\"iLightbox[19c696e0bef141193a2]\"><img loading=\"lazy\" decoding=\"async\" width=\"320\" height=\"202\" src=\"https:\/\/arcadiavilla-apart.com\/wp-content\/uploads\/2018\/07\/caretta-caretta-3-320x202.jpg\" alt=\"\" title=\"\" aria-label=\"\" class=\"img-responsive wp-image-292\" srcset=\"https:\/\/arcadiavilla-apart.com\/wp-content\/uploads\/2018\/07\/caretta-caretta-3-320x202.jpg 320w, https:\/\/arcadiavilla-apart.com\/wp-content\/uploads\/2018\/07\/caretta-caretta-3-700x441.jpg 700w\" sizes=\"auto, (max-width: 320px) 100vw, 320px\" \/><\/a><\/div><\/div><\/div><div class=\"fusion-clearfix\"><\/div>\n\n\t\t\t\t\t<\/div>\n\t\t\t\t<\/div><\/div><\/div>\n","protected":false},"excerpt":{"rendered":"","protected":false},"author":1,"featured_media":0,"parent":0,"menu_order":0,"comment_status":"closed","ping_status":"closed","template":"","meta":{"footnotes":""},"class_list":["post-339","page","type-page","status-publish","hentry"],"_links":{"self":[{"href":"https:\/\/arcadiavilla-apart.com\/en\/wp-json\/wp\/v2\/pages\/339","targetHints":{"allow":["GET"]}}],"collection":[{"href":"https:\/\/arcadiavilla-apart.com\/en\/wp-json\/wp\/v2\/pages"}],"about":[{"href":"https:\/\/arcadiavilla-apart.com\/en\/wp-json\/wp\/v2\/types\/page"}],"author":[{"embeddable":true,"href":"https:\/\/arcadiavilla-apart.com\/en\/wp-json\/wp\/v2\/users\/1"}],"replies":[{"embeddable":true,"href":"https:\/\/arcadiavilla-apart.com\/en\/wp-json\/wp\/v2\/comments?post=339"}],"version-history":[{"count":7,"href":"https:\/\/arcadiavilla-apart.com\/en\/wp-json\/wp\/v2\/pages\/339\/revisions"}],"predecessor-version":[{"id":794,"href":"https:\/\/arcadiavilla-apart.com\/en\/wp-json\/wp\/v2\/pages\/339\/revisions\/794"}],"wp:attachment":[{"href":"https:\/\/arcadiavilla-apart.com\/en\/wp-json\/wp\/v2\/media?parent=339"}],"curies":[{"name":"wp","href":"https:\/\/api.w.org\/{rel}","templated":true}]}}