{"id":353,"date":"2018-07-19T23:21:27","date_gmt":"2018-07-19T20:21:27","guid":{"rendered":"http:\/\/localhost\/villa\/?page_id=353"},"modified":"2023-04-22T21:36:40","modified_gmt":"2023-04-22T18:36:40","slug":"contact-us","status":"publish","type":"page","link":"https:\/\/arcadiavilla-apart.com\/en\/contact-us\/","title":{"rendered":"Contact Us"},"content":{"rendered":"<p><div class=\"fusion-fullwidth fullwidth-box nonhundred-percent-fullwidth non-hundred-percent-height-scrolling\"  style='background-color: rgba(255,255,255,0);background-position: center center;background-repeat: no-repeat;padding-top:0px;padding-right:0px;padding-bottom:0px;padding-left:0px;'><div class=\"fusion-builder-row fusion-row \"><div  class=\"fusion-layout-column fusion_builder_column fusion_builder_column_1_1  fusion-one-full fusion-column-first fusion-column-last 1_1\"  style='margin-top:0px;margin-bottom:20px;'>\n\t\t\t\t\t<div class=\"fusion-column-wrapper\" style=\"padding: 0px 0px 0px 0px;background-position:left top;background-repeat:no-repeat;-webkit-background-size:cover;-moz-background-size:cover;-o-background-size:cover;background-size:cover;\"  data-bg-url=\"\">\n\t\t\t\t\t\t<div class=\"fusion-title title fusion-title-center fusion-title-size-one\" style=\"margin-top:0px;margin-bottom:31px;\"><div class=\"title-sep-container title-sep-container-left\"><div class=\"title-sep sep-double sep-solid\" style=\"border-color:#e0dede;\"><\/div><\/div><h1 class=\"title-heading-center\">Arcadia Villa \u00c7\u0131ral\u0131<\/h1><div class=\"title-sep-container title-sep-container-right\"><div class=\"title-sep sep-double sep-solid\" style=\"border-color:#e0dede;\"><\/div><\/div><\/div><div class=\"fusion-text\"><\/div><div class=\"fusion-content-boxes content-boxes columns row fusion-columns-3 fusion-columns-total-3 fusion-content-boxes-1 content-boxes-icon-on-top content-left\" data-animationOffset=\"100%\" style=\"margin-top:50px;margin-bottom:60px;\"><style type=\"text\/css\" scoped=\"scoped\">.fusion-content-boxes-1 .heading h2{color:#333333;}\n\t\t\t\t\t.fusion-content-boxes-1 .fusion-content-box-hover .link-area-link-icon-hover .heading h2,\n\t\t\t\t\t.fusion-content-boxes-1 .fusion-content-box-hover .link-area-link-icon-hover .heading .heading-link h2,\n\t\t\t\t\t.fusion-content-boxes-1 .fusion-content-box-hover .link-area-box-hover .heading h2,\n\t\t\t\t\t.fusion-content-boxes-1 .fusion-content-box-hover .link-area-box-hover .heading .heading-link h2,\n\t\t\t\t\t.fusion-content-boxes-1 .fusion-content-box-hover .link-area-link-icon-hover.link-area-box .fusion-read-more,\n\t\t\t\t\t.fusion-content-boxes-1 .fusion-content-box-hover .link-area-link-icon-hover.link-area-box .fusion-read-more::after,\n\t\t\t\t\t.fusion-content-boxes-1 .fusion-content-box-hover .link-area-link-icon-hover.link-area-box .fusion-read-more::before,\n\t\t\t\t\t.fusion-content-boxes-1 .fusion-content-box-hover .fusion-read-more:hover:after,\n\t\t\t\t\t.fusion-content-boxes-1 .fusion-content-box-hover .fusion-read-more:hover:before,\n\t\t\t\t\t.fusion-content-boxes-1 .fusion-content-box-hover .fusion-read-more:hover,\n\t\t\t\t\t.fusion-content-boxes-1 .fusion-content-box-hover .link-area-box-hover.link-area-box .fusion-read-more,\n\t\t\t\t\t.fusion-content-boxes-1 .fusion-content-box-hover .link-area-box-hover.link-area-box .fusion-read-more::after,\n\t\t\t\t\t.fusion-content-boxes-1 .fusion-content-box-hover .link-area-box-hover.link-area-box .fusion-read-more::before,\n\t\t\t\t\t.fusion-content-boxes-1 .fusion-content-box-hover .link-area-link-icon-hover .icon .circle-no,\n\t\t\t\t\t.fusion-content-boxes-1 .heading .heading-link:hover .content-box-heading {\n\t\t\t\t\t\tcolor: #a0ce4e;\n\t\t\t\t\t}\n\t\t\t\t\t.fusion-content-boxes-1 .fusion-content-box-hover .link-area-box-hover .icon .circle-no {\n\t\t\t\t\t\tcolor: #a0ce4e !important;\n\t\t\t\t\t}.fusion-content-boxes-1 .fusion-content-box-hover .link-area-box.link-area-box-hover .fusion-content-box-button {background: #636363;color: #ffffff;}.fusion-content-boxes-1 .fusion-content-box-hover .link-area-box.link-area-box-hover .fusion-content-box-button .fusion-button-text {color: #ffffff;}\n\t\t\t\t\t.fusion-content-boxes-1 .fusion-content-box-hover .link-area-link-icon-hover .heading .icon > span {\n\t\t\t\t\t\tbackground-color: #a0ce4e !important;\n\t\t\t\t\t}\n\t\t\t\t\t.fusion-content-boxes-1 .fusion-content-box-hover .link-area-box-hover .heading .icon > span {\n\t\t\t\t\t\tborder-color: #a0ce4e !important;\n\t\t\t\t\t}\n\t\t\t\t\t\t.fusion-content-boxes-1 .fusion-content-box-hover .link-area-link-icon-hover.icon-hover-animation-pulsate .fontawesome-icon:after,\n\t\t\t\t\t\t.fusion-content-boxes-1 .fusion-content-box-hover .link-area-box-hover.icon-hover-animation-pulsate .fontawesome-icon:after,\n\t\t\t\t\t\t.fusion-content-boxes-1 .fusion-content-box-hover .link-area-link-icon-hover.icon-wrapper-hover-animation-pulsate .icon span:after,\n\t\t\t\t\t\t.fusion-content-boxes-1 .fusion-content-box-hover .link-area-box-hover.icon-wrapper-hover-animation-pulsate .icon span:after {\n\t\t\t\t\t\t\t-webkit-box-shadow:0 0 0 2px rgba(255,255,255,0.1), 0 0 10px 10px #a0ce4e, 0 0 0 10px rgba(255,255,255,0.5);\n\t\t\t\t\t\t\t-moz-box-shadow:0 0 0 2px rgba(255,255,255,0.1), 0 0 10px 10px #a0ce4e, 0 0 0 10px rgba(255,255,255,0.5);\n\t\t\t\t\t\t\tbox-shadow: 0 0 0 2px rgba(255,255,255,0.1), 0 0 10px 10px #a0ce4e, 0 0 0 10px rgba(255,255,255,0.5);\n\t\t\t\t\t\t}\n\t\t\t\t\t<\/style><div class=\"fusion-column content-box-column content-box-column content-box-column-1 col-lg-4 col-md-4 col-sm-4 fusion-content-box-hover  content-box-column-first-in-row\"><div class=\"col content-wrapper link-area-link-icon content-icon-wrapper-yes icon-wrapper-hover-animation-pulsate\" style=\"background-color:rgba(255,255,255,0);\" data-animationOffset=\"100%\"><div class=\"heading heading-with-icon icon-left\"><div class=\"icon\"><span style=\"height:74px;width:74px;line-height:38px;border-color:rgba(255,193,7,0);border-width:5;border-style:solid;background-color:#ffc107;box-sizing:content-box;border-radius:50%;\"><i style=\"border-color:#ffc107;border-width:1px;background-color:#333333;box-sizing:content-box;height:72px;width:72px;line-height:72px;border-radius:50%;position:relative;top:auto;left:auto;margin:0;border-radius:50%;color:#ffdf4f;font-size:36px;\" class=\"fa fontawesome-icon fa-phone circle-yes\"><\/i><\/span><\/div><h2 class=\"content-box-heading\" style=\"font-size:24px;line-height:29px;\">PHONE<\/h2><\/div><div class=\"fusion-clearfix\"><\/div><div class=\"content-container\" style=\"color:#747474;\">\n<p style=\"text-align: center;\"><strong>+90 535 873 7527<\/strong><\/p>\n<\/div><\/div><\/div><div class=\"fusion-column content-box-column content-box-column content-box-column-2 col-lg-4 col-md-4 col-sm-4 fusion-content-box-hover \"><div class=\"col content-wrapper link-area-link-icon content-icon-wrapper-yes icon-wrapper-hover-animation-pulsate\" style=\"background-color:rgba(255,255,255,0);\" data-animationOffset=\"100%\"><div class=\"heading heading-with-icon icon-left\"><div class=\"icon\"><span style=\"height:74px;width:74px;line-height:38px;border-color:rgba(255,193,7,0);border-width:5;border-style:solid;background-color:#ffc107;box-sizing:content-box;border-radius:50%;\"><i style=\"border-color:#ffc107;border-width:1px;background-color:#333333;box-sizing:content-box;height:72px;width:72px;line-height:72px;border-radius:50%;position:relative;top:auto;left:auto;margin:0;border-radius:50%;color:#ffdf4f;font-size:36px;\" class=\"fa fontawesome-icon fa-map-marker circle-yes\"><\/i><\/span><\/div><h2 class=\"content-box-heading\" style=\"font-size:24px;line-height:29px;\">ADDRESS<\/h2><\/div><div class=\"fusion-clearfix\"><\/div><div class=\"content-container\" style=\"color:#747474;\">\n<p style=\"text-align: center;\"><strong><a href=\"https:\/\/www.google.com\/maps\/place\/Arcadia+Villa+Apart\/@36.409317,30.4653979,17z\/data=!3m1!4b1!4m7!3m6!1s0x14c237336ac2487b:0x55f3a7e1eb789f86!5m1!1s2018-07-30!8m2!3d36.409317!4d30.4675866?hl=tr\" target=\"_blank\" rel=\"noopener noreferrer\">Arcadia Villa<\/a><\/strong><\/p>\n<p style=\"text-align: center;\"><strong>Ulup\u0131nar K\u00f6y\u00fc, \u00c7\u0131ral\u0131 Mahallesi<\/strong><\/p>\n<p style=\"text-align: center;\"><strong>Alasini Mevki No:71 \u00c7\u0131ral\u0131 &#8211; Kemer \/ ANTALYA<\/strong><\/p>\n<\/div><\/div><\/div><div class=\"fusion-column content-box-column content-box-column content-box-column-3 col-lg-4 col-md-4 col-sm-4 fusion-content-box-hover  content-box-column-last content-box-column-last-in-row\"><div class=\"col content-wrapper link-area-link-icon content-icon-wrapper-yes icon-wrapper-hover-animation-pulsate\" style=\"background-color:rgba(255,255,255,0);\" data-animationOffset=\"100%\"><div class=\"heading heading-with-icon icon-left\"><div class=\"icon\"><span style=\"height:74px;width:74px;line-height:38px;border-color:rgba(255,193,7,0);border-width:5;border-style:solid;background-color:#8bc34a;box-sizing:content-box;border-radius:50%;\"><i style=\"border-color:#8bc34a;border-width:1px;background-color:#333333;box-sizing:content-box;height:72px;width:72px;line-height:72px;border-radius:50%;position:relative;top:auto;left:auto;margin:0;border-radius:50%;color:#ffdf4f;font-size:36px;\" class=\"fa fontawesome-icon fa-envelope circle-yes\"><\/i><\/span><\/div><h2 class=\"content-box-heading\" style=\"font-size:24px;line-height:29px;\">E-MA\u0130L<\/h2><\/div><div class=\"fusion-clearfix\"><\/div><div class=\"content-container\" style=\"color:#747474;\">\n<p style=\"text-align: center;\"><a href=\"mailto:info@arcadiavilla-apart.com\"><b>info@arcadiavilla-apart.com<\/b><\/a><\/p>\n<\/div><\/div><\/div><style type=\"text\/css\" scoped=\"scoped\">\n\t\t\t\t\t\t.fusion-content-boxes-1 .fusion-content-box-hover .heading-link:hover .icon i.circle-yes,\n\t\t\t\t\t\t.fusion-content-boxes-1 .fusion-content-box-hover .link-area-box:hover .heading-link .icon i.circle-yes,\n\t\t\t\t\t\t.fusion-content-boxes-1 .fusion-content-box-hover .link-area-link-icon-hover .heading .icon i.circle-yes,\n\t\t\t\t\t\t.fusion-content-boxes-1 .fusion-content-box-hover .link-area-box-hover .heading .icon i.circle-yes {\n\t\t\t\t\t\t\tbackground-color: #a0ce4e !important;\n\t\t\t\t\t\t\tborder-color: #a0ce4e !important;\n\t\t\t\t\t\t}<\/style><div class=\"fusion-clearfix\"><\/div><\/div><div class=\"fusion-title title fusion-title-center fusion-title-size-two\" style=\"margin-top:0px;margin-bottom:31px;\"><div class=\"title-sep-container title-sep-container-left\"><div class=\"title-sep sep-double sep-solid\" style=\"border-color:#e0dede;\"><\/div><\/div><h2 class=\"title-heading-center\"><h3 class=\"title-heading-center\" style=\"text-align: left;\" data-fontsize=\"30\" data-lineheight=\"45\">LOCATION<\/h3><\/h2><div class=\"title-sep-container title-sep-container-right\"><div class=\"title-sep sep-double sep-solid\" style=\"border-color:#e0dede;\"><\/div><\/div><\/div><div class=\"fusion-text\"><h4 style=\"text-align: center;\" data-fontsize=\"30\" data-lineheight=\"45\">View following map to<\/h4>\n<h5 class=\"part-1\" style=\"text-align: center;\" data-fontsize=\"22\" data-lineheight=\"33\">Find Our Location<\/h5>\n<\/div><div class=\"fusion-clearfix\"><\/div>\n\n\t\t\t\t\t<\/div>\n\t\t\t\t<\/div><\/div><\/div><div class=\"fusion-fullwidth fullwidth-box hundred-percent-fullwidth non-hundred-percent-height-scrolling\"  style='background-color: rgba(255,255,255,0);background-position: center center;background-repeat: no-repeat;padding-top:0px;padding-bottom:0px;'><div class=\"fusion-builder-row fusion-row \"><div  class=\"fusion-layout-column fusion_builder_column fusion_builder_column_1_1  fusion-one-full fusion-column-first fusion-column-last 1_1\"  style='margin-top:0px;margin-bottom:0px;'>\n\t\t\t\t\t<div class=\"fusion-column-wrapper\" style=\"padding: 0px 0px 0px 0px;background-position:left top;background-repeat:no-repeat;-webkit-background-size:cover;-moz-background-size:cover;-o-background-size:cover;background-size:cover;\"  data-bg-url=\"\">\n\t\t\t\t\t\t<iframe loading=\"lazy\" src=\"https:\/\/www.google.com\/maps\/embed?pb=!1m18!1m12!1m3!1d1087.1359040095333!2d30.46804774696438!3d36.40867942718291!2m3!1f0!2f0!3f0!3m2!1i1024!2i768!4f13.1!3m3!1m2!1s0x0%3A0x55f3a7e1eb789f86!2sArcadia+Villa+Apart!5e0!3m2!1str!2str!4v1527759348990\" width=\"1900\" height=\"450\" frameborder=\"0\" style=\"border:0\" allowfullscreen><\/iframe><div class=\"fusion-clearfix\"><\/div>\n\n\t\t\t\t\t<\/div>\n\t\t\t\t<\/div><\/div><\/div><\/p>\n","protected":false},"excerpt":{"rendered":"","protected":false},"author":1,"featured_media":0,"parent":0,"menu_order":0,"comment_status":"closed","ping_status":"closed","template":"100-width.php","meta":{"footnotes":""},"class_list":["post-353","page","type-page","status-publish","hentry"],"_links":{"self":[{"href":"https:\/\/arcadiavilla-apart.com\/en\/wp-json\/wp\/v2\/pages\/353","targetHints":{"allow":["GET"]}}],"collection":[{"href":"https:\/\/arcadiavilla-apart.com\/en\/wp-json\/wp\/v2\/pages"}],"about":[{"href":"https:\/\/arcadiavilla-apart.com\/en\/wp-json\/wp\/v2\/types\/page"}],"author":[{"embeddable":true,"href":"https:\/\/arcadiavilla-apart.com\/en\/wp-json\/wp\/v2\/users\/1"}],"replies":[{"embeddable":true,"href":"https:\/\/arcadiavilla-apart.com\/en\/wp-json\/wp\/v2\/comments?post=353"}],"version-history":[{"count":16,"href":"https:\/\/arcadiavilla-apart.com\/en\/wp-json\/wp\/v2\/pages\/353\/revisions"}],"predecessor-version":[{"id":1091,"href":"https:\/\/arcadiavilla-apart.com\/en\/wp-json\/wp\/v2\/pages\/353\/revisions\/1091"}],"wp:attachment":[{"href":"https:\/\/arcadiavilla-apart.com\/en\/wp-json\/wp\/v2\/media?parent=353"}],"curies":[{"name":"wp","href":"https:\/\/api.w.org\/{rel}","templated":true}]}}